{"id":340,"date":"2025-08-11T11:34:52","date_gmt":"2025-08-11T11:34:52","guid":{"rendered":"https:\/\/weeksdesign.buckingham-cristobal.co.uk\/?page_id=340"},"modified":"2025-10-22T16:08:47","modified_gmt":"2025-10-22T16:08:47","slug":"terminos-y-condiciones","status":"publish","type":"page","link":"https:\/\/weeksdesign.buckingham-cristobal.co.uk\/index.php\/terminos-y-condiciones\/","title":{"rendered":"T\u00e9rminos y Condiciones"},"content":{"rendered":"\t\t<div data-elementor-type=\"wp-page\" data-elementor-id=\"340\" class=\"elementor elementor-340\">\n\t\t\t\t<div class=\"elementor-element elementor-element-2da8748 e-flex e-con-boxed e-con e-parent\" data-id=\"2da8748\" data-element_type=\"container\" data-settings=\"{&quot;background_background&quot;:&quot;classic&quot;}\">\n\t\t\t\t\t<div class=\"e-con-inner\">\n\t\t\t\t<div class=\"elementor-element elementor-element-21f02a4 elementor-widget elementor-widget-image\" data-id=\"21f02a4\" data-element_type=\"widget\" data-widget_type=\"image.default\">\n\t\t\t\t\t\t\t\t\t\t\t\t\t\t\t<img fetchpriority=\"high\" decoding=\"async\" width=\"375\" height=\"255\" src=\"https:\/\/weeksdesign.buckingham-cristobal.co.uk\/wp-content\/uploads\/2025\/08\/l-principal-color-v2-ikigai-mp8vwqDDN3uZaaa0.avif\" class=\"attachment-full size-full wp-image-186\" alt=\"\" srcset=\"https:\/\/weeksdesign.buckingham-cristobal.co.uk\/wp-content\/uploads\/2025\/08\/l-principal-color-v2-ikigai-mp8vwqDDN3uZaaa0.avif 375w, https:\/\/weeksdesign.buckingham-cristobal.co.uk\/wp-content\/uploads\/2025\/08\/l-principal-color-v2-ikigai-mp8vwqDDN3uZaaa0-300x204.avif 300w\" sizes=\"(max-width: 375px) 100vw, 375px\" \/>\t\t\t\t\t\t\t\t\t\t\t\t\t\t\t<\/div>\n\t\t\t\t<div class=\"elementor-element elementor-element-255eb25 elementor-widget elementor-widget-mega-menu\" data-id=\"255eb25\" data-element_type=\"widget\" data-widget_type=\"mega-menu.default\">\n\t\t\t\t<div class=\"elementor-widget-container\">\n\t\t\t\t\t \t\t\t\t<\/div>\n\t\t\t\t<\/div>\n\t\t<div class=\"elementor-element elementor-element-f929358 e-con-full e-flex e-con e-child\" data-id=\"f929358\" data-element_type=\"container\">\n\t\t\t\t<div class=\"elementor-element elementor-element-bb3b2c0 elementor-widget__width-auto elementor-hidden-mobile elementor-widget elementor-widget-button\" data-id=\"bb3b2c0\" data-element_type=\"widget\" data-widget_type=\"button.default\">\n\t\t\t\t\t\t\t\t\t\t<a class=\"elementor-button elementor-button-link elementor-size-sm elementor-animation-shrink\" href=\"https:\/\/pedidos.ikigaitenerife.com\/es\/?_gl=1*1v1i45g*_ga*NDU5NjM1NDA5LjE3NDU0MTgwMjE.*_ga_Z1KSFMNZKL*czE3NTQ1NjMwNjAkbzEzJGcxJHQxNzU0NTY2Mjg3JGo2MCRsMCRoODkxMjg3ODY1*_ga_S730NXBHV2*czE3NTQ1NjMwNjAkbzEzJGcxJHQxNzU0NTY2Mjg3JGo2MCRsMCRoNTc3OTMyMjgw*_gcl_au*NjIyMDc3OTM3LjE3NTM0MzQzMDU.\">\n\t\t\t\t\t\t<span class=\"elementor-button-content-wrapper\">\n\t\t\t\t\t\t\t\t\t<span class=\"elementor-button-text\">Hacer pedido<\/span>\n\t\t\t\t\t<\/span>\n\t\t\t\t\t<\/a>\n\t\t\t\t\t\t\t\t<\/div>\n\t\t\t\t<div class=\"elementor-element elementor-element-2d8b5e4 e-grid-align-left elementor-shape-rounded elementor-grid-0 elementor-widget elementor-widget-social-icons\" data-id=\"2d8b5e4\" data-element_type=\"widget\" data-widget_type=\"social-icons.default\">\n\t\t\t\t\t\t\t<div class=\"elementor-social-icons-wrapper elementor-grid\" role=\"list\">\n\t\t\t\t\t\t\t<span class=\"elementor-grid-item\" role=\"listitem\">\n\t\t\t\t\t<a class=\"elementor-icon elementor-social-icon elementor-social-icon-instagram elementor-repeater-item-d82ef38\" href=\"https:\/\/www.instagram.com\/ikigaisushitenerife\" target=\"_blank\">\n\t\t\t\t\t\t<span class=\"elementor-screen-only\">Instagram<\/span>\n\t\t\t\t\t\t<svg aria-hidden=\"true\" class=\"e-font-icon-svg e-fab-instagram\" viewBox=\"0 0 448 512\" xmlns=\"http:\/\/www.w3.org\/2000\/svg\"><path d=\"M224.1 141c-63.6 0-114.9 51.3-114.9 114.9s51.3 114.9 114.9 114.9S339 319.5 339 255.9 287.7 141 224.1 141zm0 189.6c-41.1 0-74.7-33.5-74.7-74.7s33.5-74.7 74.7-74.7 74.7 33.5 74.7 74.7-33.6 74.7-74.7 74.7zm146.4-194.3c0 14.9-12 26.8-26.8 26.8-14.9 0-26.8-12-26.8-26.8s12-26.8 26.8-26.8 26.8 12 26.8 26.8zm76.1 27.2c-1.7-35.9-9.9-67.7-36.2-93.9-26.2-26.2-58-34.4-93.9-36.2-37-2.1-147.9-2.1-184.9 0-35.8 1.7-67.6 9.9-93.9 36.1s-34.4 58-36.2 93.9c-2.1 37-2.1 147.9 0 184.9 1.7 35.9 9.9 67.7 36.2 93.9s58 34.4 93.9 36.2c37 2.1 147.9 2.1 184.9 0 35.9-1.7 67.7-9.9 93.9-36.2 26.2-26.2 34.4-58 36.2-93.9 2.1-37 2.1-147.8 0-184.8zM398.8 388c-7.8 19.6-22.9 34.7-42.6 42.6-29.5 11.7-99.5 9-132.1 9s-102.7 2.6-132.1-9c-19.6-7.8-34.7-22.9-42.6-42.6-11.7-29.5-9-99.5-9-132.1s-2.6-102.7 9-132.1c7.8-19.6 22.9-34.7 42.6-42.6 29.5-11.7 99.5-9 132.1-9s102.7-2.6 132.1 9c19.6 7.8 34.7 22.9 42.6 42.6 11.7 29.5 9 99.5 9 132.1s2.7 102.7-9 132.1z\"><\/path><\/svg>\t\t\t\t\t<\/a>\n\t\t\t\t<\/span>\n\t\t\t\t\t\t\t<span class=\"elementor-grid-item\" role=\"listitem\">\n\t\t\t\t\t<a class=\"elementor-icon elementor-social-icon elementor-social-icon-icon-facebook elementor-repeater-item-f2826ca\" href=\"https:\/\/www.facebook.com\/ikigaitenerife\" target=\"_blank\">\n\t\t\t\t\t\t<span class=\"elementor-screen-only\">Icon-facebook<\/span>\n\t\t\t\t\t\t<i aria-hidden=\"true\" class=\"icon icon-facebook\"><\/i>\t\t\t\t\t<\/a>\n\t\t\t\t<\/span>\n\t\t\t\t\t\t\t<span class=\"elementor-grid-item\" role=\"listitem\">\n\t\t\t\t\t<a class=\"elementor-icon elementor-social-icon elementor-social-icon-x-twitter elementor-repeater-item-b1d28d0\" href=\"https:\/\/x.com\/IkigaiSushiTF\" target=\"_blank\">\n\t\t\t\t\t\t<span class=\"elementor-screen-only\">X-twitter<\/span>\n\t\t\t\t\t\t<svg aria-hidden=\"true\" class=\"e-font-icon-svg e-fab-x-twitter\" viewBox=\"0 0 512 512\" xmlns=\"http:\/\/www.w3.org\/2000\/svg\"><path d=\"M389.2 48h70.6L305.6 224.2 487 464H345L233.7 318.6 106.5 464H35.8L200.7 275.5 26.8 48H172.4L272.9 180.9 389.2 48zM364.4 421.8h39.1L151.1 88h-42L364.4 421.8z\"><\/path><\/svg>\t\t\t\t\t<\/a>\n\t\t\t\t<\/span>\n\t\t\t\t\t<\/div>\n\t\t\t\t\t\t<\/div>\n\t\t\t\t<\/div>\n\t\t\t\t\t<\/div>\n\t\t\t\t<\/div>\n\t\t<div class=\"elementor-element elementor-element-816f69a e-con-full e-flex e-con e-parent\" data-id=\"816f69a\" data-element_type=\"container\" data-settings=\"{&quot;background_background&quot;:&quot;classic&quot;}\">\n\t\t\t\t<div class=\"elementor-element elementor-element-3dbe921 elementor-widget elementor-widget-heading\" data-id=\"3dbe921\" data-element_type=\"widget\" data-widget_type=\"heading.default\">\n\t\t\t\t\t<h2 class=\"elementor-heading-title elementor-size-default\">T\u00e9rminos y Condiciones<\/h2>\t\t\t\t<\/div>\n\t\t\t\t<\/div>\n\t\t<div class=\"elementor-element elementor-element-f2ee62f e-flex e-con-boxed e-con e-parent\" data-id=\"f2ee62f\" data-element_type=\"container\" data-settings=\"{&quot;background_background&quot;:&quot;classic&quot;}\">\n\t\t\t\t\t<div class=\"e-con-inner\">\n\t\t\t\t<div class=\"elementor-element elementor-element-38d2e49 elementor-widget elementor-widget-text-editor\" data-id=\"38d2e49\" data-element_type=\"widget\" data-widget_type=\"text-editor.default\">\n\t\t\t\t\t\t\t\t\t<h2 dir=\"auto\">Bienvenido a Ikigai Sushi Delivery<\/h2><p class=\"body\" dir=\"auto\">Al acceder y utilizar el sitio web de <strong>Ikigai Sushi Delivery<\/strong>, propiedad de <strong>Clemente Barrios Barreto<\/strong>, usted acepta cumplir con los presentes t\u00e9rminos y condiciones. Le recomendamos que los lea detenidamente. Si no est\u00e1 de acuerdo con alguno de estos t\u00e9rminos, le pedimos que no contin\u00fae utilizando este sitio web.<\/p><h2 dir=\"auto\">1. Uso de Cookies<\/h2><p class=\"body\" dir=\"auto\">El sitio web de Ikigai Sushi utiliza cookies para personalizar y mejorar su experiencia. Al acceder a nuestro sitio, acepta el uso de cookies esenciales y puede optar por aceptar o rechazar cookies adicionales para fines de marketing y estad\u00edsticas. Estas cookies se utilizan para optimizar el funcionamiento del sitio y la experiencia del usuario.<\/p><h2 dir=\"auto\">2. Propiedad Intelectual<\/h2><p class=\"body\" dir=\"auto\">Salvo que se indique lo contrario, todos los contenidos, derechos de autor y propiedad intelectual del sitio web de Ikigai Sushi Delivery son propiedad de Clemente Barrios Barreto o sus licenciantes. Queda prohibido:<\/p><ul dir=\"auto\"><li><p class=\"body\" dir=\"auto\">Copiar, reproducir o republicar material de este sitio.<\/p><\/li><li><p class=\"body\" dir=\"auto\">Vender, alquilar o sublicenciar cualquier contenido del sitio.<\/p><\/li><li><p class=\"body\" dir=\"auto\">Redistribuir contenido sin autorizaci\u00f3n previa por escrito.<\/p><\/li><\/ul><h2 dir=\"auto\">3. Publicaci\u00f3n de Comentarios<\/h2><p class=\"body\" dir=\"auto\">El sitio permite a los usuarios publicar comentarios y opiniones. Al hacerlo, el usuario acepta las siguientes normas:<\/p><ul dir=\"auto\"><li><p class=\"body\" dir=\"auto\">Usted garantiza que posee los derechos necesarios para publicar dichos comentarios.<\/p><\/li><li><p class=\"body\" dir=\"auto\">Los comentarios no deben infringir derechos de terceros ni incluir material difamatorio, ofensivo o ilegal.<\/p><\/li><li><p class=\"body\" dir=\"auto\">Clemente Barrios Barreto se reserva el derecho de eliminar comentarios que infrinjan estos t\u00e9rminos.<\/p><\/li><\/ul><p class=\"body\" dir=\"auto\">Al publicar comentarios, el usuario otorga a Ikigai Sushi una licencia no exclusiva para usar, reproducir, editar y autorizar a otros a usar sus comentarios en cualquier formato y medio.<\/p><h2 dir=\"auto\">4. Hiperv\u00ednculos a Nuestro Contenido<\/h2><p class=\"body\" dir=\"auto\">Ciertas organizaciones (agencias gubernamentales, motores de b\u00fasqueda, organizaciones de noticias y otras entidades autorizadas) pueden enlazar a nuestro sitio sin autorizaci\u00f3n previa. Sin embargo, estos enlaces deben cumplir con los siguientes criterios:<\/p><ul dir=\"auto\"><li><p class=\"body\" dir=\"auto\">No ser enga\u00f1osos.<\/p><\/li><li><p class=\"body\" dir=\"auto\">No implicar patrocinio o respaldo sin nuestra autorizaci\u00f3n.<\/p><\/li><li><p class=\"body\" dir=\"auto\">Ajustarse al contexto del sitio web de la entidad que realiza el enlace.<\/p><\/li><\/ul><p class=\"body\" dir=\"auto\">Si desea enlazar a nuestro sitio, env\u00edenos un correo electr\u00f3nico con la informaci\u00f3n de contacto y URL del sitio en el que desea incluir el enlace. Revisaremos su solicitud en un plazo de 2 a 3 semanas.<\/p><h2 dir=\"auto\">5. Responsabilidad por el Contenido de Terceros<\/h2><p class=\"body\" dir=\"auto\">Ikigai Sushi no asume responsabilidad alguna por el contenido de terceros que aparezca enlazado en nuestro sitio. Nos reservamos el derecho de solicitar la eliminaci\u00f3n de enlaces o contenido inapropiado que infrinja derechos o pueda interpretarse como difamatorio, obsceno o delictivo.<\/p><h2 dir=\"auto\">6. Reserva de Derechos<\/h2><p class=\"body\" dir=\"auto\">Ikigai Sushi se reserva el derecho de modificar estos t\u00e9rminos y condiciones en cualquier momento. Si contin\u00faa utilizando el sitio tras la modificaci\u00f3n, se considerar\u00e1 que acepta los nuevos t\u00e9rminos.<\/p><h2 dir=\"auto\">7. Eliminaci\u00f3n de Enlaces<\/h2><p class=\"body\" dir=\"auto\">Si considera que alg\u00fan enlace en nuestro sitio es ofensivo o inapropiado, cont\u00e1ctenos. Evaluaremos la solicitud de eliminaci\u00f3n de enlaces, aunque no estamos obligados a realizarlo ni a responder directamente.<\/p><h2 dir=\"auto\">8. Exenci\u00f3n de Responsabilidad<\/h2><p class=\"body\" dir=\"auto\">En la medida permitida por la ley aplicable, Ikigai Sushi excluye cualquier responsabilidad por:<\/p><ul dir=\"auto\"><li><p class=\"body\" dir=\"auto\">Errores o inexactitudes en el contenido.<\/p><\/li><li><p class=\"body\" dir=\"auto\">Interrupciones en el servicio del sitio web.<\/p><\/li><li><p class=\"body\" dir=\"auto\">Da\u00f1os o perjuicios derivados del uso de este sitio web.<\/p><\/li><\/ul><p class=\"body\" dir=\"auto\">Las limitaciones de responsabilidad de estos t\u00e9rminos no se aplicar\u00e1n en casos de muerte, lesiones personales o fraude resultante de nuestra negligencia.<\/p><h2 dir=\"auto\">9. Contacto<\/h2><p class=\"body\" dir=\"auto\">Para consultas adicionales sobre estos t\u00e9rminos y condiciones, puede ponerse en contacto con nosotros a trav\u00e9s del siguiente correo electr\u00f3nico: hola@ikigaitenerife.com<\/p><p class=\"body\" dir=\"auto\"><strong>\u00daltima actualizaci\u00f3n:<\/strong> 10 de Noviembre 2024<\/p>\t\t\t\t\t\t\t\t<\/div>\n\t\t\t\t\t<\/div>\n\t\t\t\t<\/div>\n\t\t<div class=\"elementor-element elementor-element-a8de401 e-flex e-con-boxed e-con e-parent\" data-id=\"a8de401\" data-element_type=\"container\" data-settings=\"{&quot;background_background&quot;:&quot;classic&quot;}\">\n\t\t\t\t\t<div class=\"e-con-inner\">\n\t\t<div class=\"elementor-element elementor-element-4d05ca5 e-con-full e-flex e-con e-child\" data-id=\"4d05ca5\" data-element_type=\"container\">\n\t\t\t\t<div class=\"elementor-element elementor-element-1915c5f elementor-widget elementor-widget-image\" data-id=\"1915c5f\" data-element_type=\"widget\" data-widget_type=\"image.default\">\n\t\t\t\t\t\t\t\t\t\t\t\t\t\t\t\t<a href=\"https:\/\/wpmet.com\/plugin\/elementskit\/islamic\/\">\n\t\t\t\t\t\t\t<img decoding=\"async\" width=\"375\" height=\"255\" src=\"https:\/\/weeksdesign.buckingham-cristobal.co.uk\/wp-content\/uploads\/2025\/08\/l-principal-color-v2-ikigai-mp8vwqDDN3uZaaa0.avif\" class=\"attachment-large size-large wp-image-186\" alt=\"\" srcset=\"https:\/\/weeksdesign.buckingham-cristobal.co.uk\/wp-content\/uploads\/2025\/08\/l-principal-color-v2-ikigai-mp8vwqDDN3uZaaa0.avif 375w, https:\/\/weeksdesign.buckingham-cristobal.co.uk\/wp-content\/uploads\/2025\/08\/l-principal-color-v2-ikigai-mp8vwqDDN3uZaaa0-300x204.avif 300w\" sizes=\"(max-width: 375px) 100vw, 375px\" \/>\t\t\t\t\t\t\t\t<\/a>\n\t\t\t\t\t\t\t\t\t\t\t\t\t\t\t<\/div>\n\t\t\t\t<div class=\"elementor-element elementor-element-07af9ea e-grid-align-left elementor-shape-rounded elementor-grid-0 elementor-widget elementor-widget-social-icons\" data-id=\"07af9ea\" data-element_type=\"widget\" data-widget_type=\"social-icons.default\">\n\t\t\t\t\t\t\t<div class=\"elementor-social-icons-wrapper elementor-grid\" role=\"list\">\n\t\t\t\t\t\t\t<span class=\"elementor-grid-item\" role=\"listitem\">\n\t\t\t\t\t<a class=\"elementor-icon elementor-social-icon elementor-social-icon-instagram elementor-repeater-item-d82ef38\" href=\"https:\/\/www.instagram.com\/ikigaisushitenerife\" target=\"_blank\">\n\t\t\t\t\t\t<span class=\"elementor-screen-only\">Instagram<\/span>\n\t\t\t\t\t\t<svg aria-hidden=\"true\" class=\"e-font-icon-svg e-fab-instagram\" viewBox=\"0 0 448 512\" xmlns=\"http:\/\/www.w3.org\/2000\/svg\"><path d=\"M224.1 141c-63.6 0-114.9 51.3-114.9 114.9s51.3 114.9 114.9 114.9S339 319.5 339 255.9 287.7 141 224.1 141zm0 189.6c-41.1 0-74.7-33.5-74.7-74.7s33.5-74.7 74.7-74.7 74.7 33.5 74.7 74.7-33.6 74.7-74.7 74.7zm146.4-194.3c0 14.9-12 26.8-26.8 26.8-14.9 0-26.8-12-26.8-26.8s12-26.8 26.8-26.8 26.8 12 26.8 26.8zm76.1 27.2c-1.7-35.9-9.9-67.7-36.2-93.9-26.2-26.2-58-34.4-93.9-36.2-37-2.1-147.9-2.1-184.9 0-35.8 1.7-67.6 9.9-93.9 36.1s-34.4 58-36.2 93.9c-2.1 37-2.1 147.9 0 184.9 1.7 35.9 9.9 67.7 36.2 93.9s58 34.4 93.9 36.2c37 2.1 147.9 2.1 184.9 0 35.9-1.7 67.7-9.9 93.9-36.2 26.2-26.2 34.4-58 36.2-93.9 2.1-37 2.1-147.8 0-184.8zM398.8 388c-7.8 19.6-22.9 34.7-42.6 42.6-29.5 11.7-99.5 9-132.1 9s-102.7 2.6-132.1-9c-19.6-7.8-34.7-22.9-42.6-42.6-11.7-29.5-9-99.5-9-132.1s-2.6-102.7 9-132.1c7.8-19.6 22.9-34.7 42.6-42.6 29.5-11.7 99.5-9 132.1-9s102.7-2.6 132.1 9c19.6 7.8 34.7 22.9 42.6 42.6 11.7 29.5 9 99.5 9 132.1s2.7 102.7-9 132.1z\"><\/path><\/svg>\t\t\t\t\t<\/a>\n\t\t\t\t<\/span>\n\t\t\t\t\t\t\t<span class=\"elementor-grid-item\" role=\"listitem\">\n\t\t\t\t\t<a class=\"elementor-icon elementor-social-icon elementor-social-icon-icon-facebook elementor-repeater-item-f2826ca\" href=\"https:\/\/www.facebook.com\/ikigaitenerife\" target=\"_blank\">\n\t\t\t\t\t\t<span class=\"elementor-screen-only\">Icon-facebook<\/span>\n\t\t\t\t\t\t<i aria-hidden=\"true\" class=\"icon icon-facebook\"><\/i>\t\t\t\t\t<\/a>\n\t\t\t\t<\/span>\n\t\t\t\t\t\t\t<span class=\"elementor-grid-item\" role=\"listitem\">\n\t\t\t\t\t<a class=\"elementor-icon elementor-social-icon elementor-social-icon-x-twitter elementor-repeater-item-b1d28d0\" href=\"https:\/\/x.com\/IkigaiSushiTF\" target=\"_blank\">\n\t\t\t\t\t\t<span class=\"elementor-screen-only\">X-twitter<\/span>\n\t\t\t\t\t\t<svg aria-hidden=\"true\" class=\"e-font-icon-svg e-fab-x-twitter\" viewBox=\"0 0 512 512\" xmlns=\"http:\/\/www.w3.org\/2000\/svg\"><path d=\"M389.2 48h70.6L305.6 224.2 487 464H345L233.7 318.6 106.5 464H35.8L200.7 275.5 26.8 48H172.4L272.9 180.9 389.2 48zM364.4 421.8h39.1L151.1 88h-42L364.4 421.8z\"><\/path><\/svg>\t\t\t\t\t<\/a>\n\t\t\t\t<\/span>\n\t\t\t\t\t<\/div>\n\t\t\t\t\t\t<\/div>\n\t\t\t\t<\/div>\n\t\t<div class=\"elementor-element elementor-element-938be11 e-con-full e-flex e-con e-child\" data-id=\"938be11\" data-element_type=\"container\">\n\t\t<div class=\"elementor-element elementor-element-328a254 e-con-full e-flex e-con e-child\" data-id=\"328a254\" data-element_type=\"container\">\n\t\t<div class=\"elementor-element elementor-element-1df6837 e-con-full e-flex e-con e-child\" data-id=\"1df6837\" data-element_type=\"container\">\n\t\t\t\t<div class=\"elementor-element elementor-element-dec405e elementor-widget elementor-widget-elementskit-heading\" data-id=\"dec405e\" data-element_type=\"widget\" data-widget_type=\"elementskit-heading.default\">\n\t\t\t\t\t<div class=\"ekit-wid-con\" ><div class=\"ekit-heading elementskit-section-title-wraper text_left   ekit_heading_tablet-   ekit_heading_mobile-\">\t\t\t\t<div class='ekit-heading__description'>\n\t\t\t\t\t<p>Sushi Delivery en Tenerife, La Laguna<\/p>\n\t\t\t\t<\/div>\n\t\t\t<\/div><\/div>\t\t\t\t<\/div>\n\t\t\t\t<\/div>\n\t\t<div class=\"elementor-element elementor-element-6abf495 e-con-full e-flex e-con e-child\" data-id=\"6abf495\" data-element_type=\"container\">\n\t\t\t\t<div class=\"elementor-element elementor-element-87e8006 elementor-widget elementor-widget-elementskit-heading\" data-id=\"87e8006\" data-element_type=\"widget\" data-widget_type=\"elementskit-heading.default\">\n\t\t\t\t\t<div class=\"ekit-wid-con\" ><div class=\"ekit-heading elementskit-section-title-wraper text_left   ekit_heading_tablet-   ekit_heading_mobile-\"><h3 class=\"ekit-heading--title elementskit-section-title \">Menu Principal<\/h3><\/div><\/div>\t\t\t\t<\/div>\n\t\t\t\t<div class=\"elementor-element elementor-element-b48be8b elementor-icon-list--layout-traditional elementor-list-item-link-full_width elementor-widget elementor-widget-icon-list\" data-id=\"b48be8b\" data-element_type=\"widget\" data-widget_type=\"icon-list.default\">\n\t\t\t\t\t\t\t<ul class=\"elementor-icon-list-items\">\n\t\t\t\t\t\t\t<li class=\"elementor-icon-list-item\">\n\t\t\t\t\t\t\t\t\t\t\t<a href=\"https:\/\/wpmet.com\/plugin\/elementskit\/islamic\/\">\n\n\t\t\t\t\t\t\t\t\t\t\t<span class=\"elementor-icon-list-text\">Inicio<\/span>\n\t\t\t\t\t\t\t\t\t\t\t<\/a>\n\t\t\t\t\t\t\t\t\t<\/li>\n\t\t\t\t\t\t\t\t<li class=\"elementor-icon-list-item\">\n\t\t\t\t\t\t\t\t\t\t\t<a href=\"https:\/\/weeksdesign.buckingham-cristobal.co.uk\/index.php\/menu\/\">\n\n\t\t\t\t\t\t\t\t\t\t\t<span class=\"elementor-icon-list-text\">Men\u00fa<\/span>\n\t\t\t\t\t\t\t\t\t\t\t<\/a>\n\t\t\t\t\t\t\t\t\t<\/li>\n\t\t\t\t\t\t\t\t<li class=\"elementor-icon-list-item\">\n\t\t\t\t\t\t\t\t\t\t\t<a href=\"https:\/\/weeksdesign.buckingham-cristobal.co.uk\/index.php\/sostenibilidad\/\">\n\n\t\t\t\t\t\t\t\t\t\t\t<span class=\"elementor-icon-list-text\">Sostenibilidad<\/span>\n\t\t\t\t\t\t\t\t\t\t\t<\/a>\n\t\t\t\t\t\t\t\t\t<\/li>\n\t\t\t\t\t\t\t\t<li class=\"elementor-icon-list-item\">\n\t\t\t\t\t\t\t\t\t\t\t<a href=\"https:\/\/weeksdesign.buckingham-cristobal.co.uk\/index.php\/blog\/\">\n\n\t\t\t\t\t\t\t\t\t\t\t<span class=\"elementor-icon-list-text\">Blog<\/span>\n\t\t\t\t\t\t\t\t\t\t\t<\/a>\n\t\t\t\t\t\t\t\t\t<\/li>\n\t\t\t\t\t\t\t\t<li class=\"elementor-icon-list-item\">\n\t\t\t\t\t\t\t\t\t\t\t<a href=\"https:\/\/weeksdesign.buckingham-cristobal.co.uk\/index.php\/contacto\/\">\n\n\t\t\t\t\t\t\t\t\t\t\t<span class=\"elementor-icon-list-text\">Contacto<\/span>\n\t\t\t\t\t\t\t\t\t\t\t<\/a>\n\t\t\t\t\t\t\t\t\t<\/li>\n\t\t\t\t\t\t<\/ul>\n\t\t\t\t\t\t<\/div>\n\t\t\t\t<\/div>\n\t\t<div class=\"elementor-element elementor-element-ea05dfb e-con-full e-flex e-con e-child\" data-id=\"ea05dfb\" data-element_type=\"container\">\n\t\t\t\t<div class=\"elementor-element elementor-element-ff7d854 elementor-widget elementor-widget-elementskit-heading\" data-id=\"ff7d854\" data-element_type=\"widget\" data-widget_type=\"elementskit-heading.default\">\n\t\t\t\t\t<div class=\"ekit-wid-con\" ><div class=\"ekit-heading elementskit-section-title-wraper text_left   ekit_heading_tablet-   ekit_heading_mobile-\"><h3 class=\"ekit-heading--title elementskit-section-title \">Pol\u00edticas<\/h3><\/div><\/div>\t\t\t\t<\/div>\n\t\t\t\t<div class=\"elementor-element elementor-element-c164cfa elementor-icon-list--layout-traditional elementor-list-item-link-full_width elementor-widget elementor-widget-icon-list\" data-id=\"c164cfa\" data-element_type=\"widget\" data-widget_type=\"icon-list.default\">\n\t\t\t\t\t\t\t<ul class=\"elementor-icon-list-items\">\n\t\t\t\t\t\t\t<li class=\"elementor-icon-list-item\">\n\t\t\t\t\t\t\t\t\t\t\t<a href=\"https:\/\/weeksdesign.buckingham-cristobal.co.uk\/index.php\/politica-de-cookies\/\">\n\n\t\t\t\t\t\t\t\t\t\t\t<span class=\"elementor-icon-list-text\">Pol\u00edtica de Cookies<\/span>\n\t\t\t\t\t\t\t\t\t\t\t<\/a>\n\t\t\t\t\t\t\t\t\t<\/li>\n\t\t\t\t\t\t\t\t<li class=\"elementor-icon-list-item\">\n\t\t\t\t\t\t\t\t\t\t\t<a href=\"https:\/\/weeksdesign.buckingham-cristobal.co.uk\/index.php\/politica-de-privacidad\/\">\n\n\t\t\t\t\t\t\t\t\t\t\t<span class=\"elementor-icon-list-text\">Pol\u00edtica de Privacidad<\/span>\n\t\t\t\t\t\t\t\t\t\t\t<\/a>\n\t\t\t\t\t\t\t\t\t<\/li>\n\t\t\t\t\t\t\t\t<li class=\"elementor-icon-list-item\">\n\t\t\t\t\t\t\t\t\t\t\t<a href=\"https:\/\/weeksdesign.buckingham-cristobal.co.uk\/index.php\/terminos-y-condiciones\/\">\n\n\t\t\t\t\t\t\t\t\t\t\t<span class=\"elementor-icon-list-text\">T\u00e9rminos y Condiciones<\/span>\n\t\t\t\t\t\t\t\t\t\t\t<\/a>\n\t\t\t\t\t\t\t\t\t<\/li>\n\t\t\t\t\t\t<\/ul>\n\t\t\t\t\t\t<\/div>\n\t\t\t\t<\/div>\n\t\t<div class=\"elementor-element elementor-element-b84afb0 e-con-full e-flex e-con e-child\" data-id=\"b84afb0\" data-element_type=\"container\">\n\t\t\t\t<div class=\"elementor-element elementor-element-f68da11 elementor-widget elementor-widget-elementskit-heading\" data-id=\"f68da11\" data-element_type=\"widget\" data-widget_type=\"elementskit-heading.default\">\n\t\t\t\t\t<div class=\"ekit-wid-con\" ><div class=\"ekit-heading elementskit-section-title-wraper text_left   ekit_heading_tablet-   ekit_heading_mobile-\"><h3 class=\"ekit-heading--title elementskit-section-title \">Contacto<\/h3><\/div><\/div>\t\t\t\t<\/div>\n\t\t\t\t<div class=\"elementor-element elementor-element-aad75dc elementor-widget elementor-widget-text-editor\" data-id=\"aad75dc\" data-element_type=\"widget\" data-widget_type=\"text-editor.default\">\n\t\t\t\t\t\t\t\t\t<p><a href=\"tel:+34624725859\">+34 624 72 58 59<\/a><br \/><a href=\"mailto:hola@ikigaitenerife.com\">hola@ikigaitenerife.com<\/a><br \/>C. el Escobonal, 16, 38205 La Laguna, Santa Cruz de Tenerife<\/p>\t\t\t\t\t\t\t\t<\/div>\n\t\t\t\t<\/div>\n\t\t\t\t<\/div>\n\t\t\t\t<\/div>\n\t\t\t\t\t<\/div>\n\t\t\t\t<\/div>\n\t\t\t\t<\/div>\n\t\t","protected":false},"excerpt":{"rendered":"<p>inicio men\u00fa Cerrar men\u00fa Abrir men\u00fa Entrantes Poke Bowls Special Rolls Bandejas Tempurizados Postres Uramakis Salsas Makis Bebidas sostenibilidad blog contacto Entrantes Poke Bowls Special Rolls Bandejas Tempurizados Postres Uramakis Salsas Makis Bebidas Hacer pedido Instagram Icon-facebook X-twitter T\u00e9rminos y Condiciones Bienvenido a Ikigai Sushi Delivery Al acceder y utilizar el sitio web de Ikigai [&hellip;]<\/p>\n","protected":false},"author":1,"featured_media":0,"parent":0,"menu_order":0,"comment_status":"closed","ping_status":"closed","template":"elementor_canvas","meta":{"footnotes":""},"class_list":["post-340","page","type-page","status-publish","hentry"],"_links":{"self":[{"href":"https:\/\/weeksdesign.buckingham-cristobal.co.uk\/index.php\/wp-json\/wp\/v2\/pages\/340","targetHints":{"allow":["GET"]}}],"collection":[{"href":"https:\/\/weeksdesign.buckingham-cristobal.co.uk\/index.php\/wp-json\/wp\/v2\/pages"}],"about":[{"href":"https:\/\/weeksdesign.buckingham-cristobal.co.uk\/index.php\/wp-json\/wp\/v2\/types\/page"}],"author":[{"embeddable":true,"href":"https:\/\/weeksdesign.buckingham-cristobal.co.uk\/index.php\/wp-json\/wp\/v2\/users\/1"}],"replies":[{"embeddable":true,"href":"https:\/\/weeksdesign.buckingham-cristobal.co.uk\/index.php\/wp-json\/wp\/v2\/comments?post=340"}],"version-history":[{"count":23,"href":"https:\/\/weeksdesign.buckingham-cristobal.co.uk\/index.php\/wp-json\/wp\/v2\/pages\/340\/revisions"}],"predecessor-version":[{"id":878,"href":"https:\/\/weeksdesign.buckingham-cristobal.co.uk\/index.php\/wp-json\/wp\/v2\/pages\/340\/revisions\/878"}],"wp:attachment":[{"href":"https:\/\/weeksdesign.buckingham-cristobal.co.uk\/index.php\/wp-json\/wp\/v2\/media?parent=340"}],"curies":[{"name":"wp","href":"https:\/\/api.w.org\/{rel}","templated":true}]}}